{"id":840,"date":"2022-04-14T11:15:53","date_gmt":"2022-04-14T11:15:53","guid":{"rendered":"https:\/\/jaumetenes.com\/pintura\/?page_id=840"},"modified":"2026-04-03T13:11:43","modified_gmt":"2026-04-03T13:11:43","slug":"medusa-painting","status":"publish","type":"page","link":"https:\/\/jaumetenes.com\/pintura\/medusa-painting\/","title":{"rendered":"Medusa &#8211; Jaume Tenes Art Gallery"},"content":{"rendered":"\n<h2 class=\"has-text-align-center\" style=\"font-style:normal;font-weight:100;text-transform:capitalize\">Medusa<\/h2>\n\n\n\n<div class=\"wp-block-image\"><figure class=\"aligncenter size-full\"><a href=\"https:\/\/jaumetenes.com\/pintura\/wp-content\/uploads\/2026\/04\/medusa_01_jaume_tenes-1.jpg\"><img loading=\"lazy\" width=\"900\" height=\"1295\" src=\"https:\/\/jaumetenes.com\/pintura\/wp-content\/uploads\/2026\/04\/medusa_01_jaume_tenes-1.jpg\" alt=\"Discover Jaume Tenes\u2019 pop reinterpretation of Medusa: a figurative acrylic painting blending mythology, emotion, and contemporary culture.\" class=\"wp-image-3800\" srcset=\"https:\/\/jaumetenes.com\/pintura\/wp-content\/uploads\/2026\/04\/medusa_01_jaume_tenes-1.jpg 900w, https:\/\/jaumetenes.com\/pintura\/wp-content\/uploads\/2026\/04\/medusa_01_jaume_tenes-1-261x375.jpg 261w, https:\/\/jaumetenes.com\/pintura\/wp-content\/uploads\/2026\/04\/medusa_01_jaume_tenes-1-712x1024.jpg 712w, https:\/\/jaumetenes.com\/pintura\/wp-content\/uploads\/2026\/04\/medusa_01_jaume_tenes-1-768x1105.jpg 768w\" sizes=\"(max-width: 900px) 100vw, 900px\" \/><\/a><\/figure><\/div>\n\n\n\n<div style=\"height:0px\" aria-hidden=\"true\" class=\"wp-block-spacer\"><\/div>\n\n\n\n<div style=\"height:30px\" aria-hidden=\"true\" class=\"wp-block-spacer\"><\/div>\n\n\n\n<div class=\"wp-block-image\"><figure class=\"aligncenter size-full\"><a href=\"https:\/\/jaumetenes.com\/pintura\/wp-content\/uploads\/2026\/04\/medusa_02_jaume_tenes-1.jpg\"><img loading=\"lazy\" width=\"900\" height=\"1053\" src=\"https:\/\/jaumetenes.com\/pintura\/wp-content\/uploads\/2026\/04\/medusa_02_jaume_tenes-1.jpg\" alt=\"Peinture acrylique figurative de M\u00e9duse r\u00e9invent\u00e9e avec des plantes carnivores de Mario Bros au lieu de serpents, par Jaume Tenes.\" class=\"wp-image-3801\" srcset=\"https:\/\/jaumetenes.com\/pintura\/wp-content\/uploads\/2026\/04\/medusa_02_jaume_tenes-1.jpg 900w, https:\/\/jaumetenes.com\/pintura\/wp-content\/uploads\/2026\/04\/medusa_02_jaume_tenes-1-321x375.jpg 321w, https:\/\/jaumetenes.com\/pintura\/wp-content\/uploads\/2026\/04\/medusa_02_jaume_tenes-1-875x1024.jpg 875w, https:\/\/jaumetenes.com\/pintura\/wp-content\/uploads\/2026\/04\/medusa_02_jaume_tenes-1-768x899.jpg 768w\" sizes=\"(max-width: 900px) 100vw, 900px\" \/><\/a><\/figure><\/div>\n\n\n\n<div style=\"height:26px\" aria-hidden=\"true\" class=\"wp-block-spacer\"><\/div>\n\n\n\n<div class=\"wp-block-image\"><figure class=\"aligncenter size-full\"><a href=\"https:\/\/jaumetenes.com\/pintura\/wp-content\/uploads\/2026\/04\/medusa_jaume_tenes_3-1.jpg\"><img loading=\"lazy\" width=\"900\" height=\"1300\" src=\"https:\/\/jaumetenes.com\/pintura\/wp-content\/uploads\/2026\/04\/medusa_jaume_tenes_3-1.jpg\" alt=\"Discover Jaume Tenes\u2019 pop reinterpretation of Medusa: a figurative acrylic painting blending mythology, emotion, and contemporary culture.\" class=\"wp-image-3802\" srcset=\"https:\/\/jaumetenes.com\/pintura\/wp-content\/uploads\/2026\/04\/medusa_jaume_tenes_3-1.jpg 900w, https:\/\/jaumetenes.com\/pintura\/wp-content\/uploads\/2026\/04\/medusa_jaume_tenes_3-1-260x375.jpg 260w, https:\/\/jaumetenes.com\/pintura\/wp-content\/uploads\/2026\/04\/medusa_jaume_tenes_3-1-709x1024.jpg 709w, https:\/\/jaumetenes.com\/pintura\/wp-content\/uploads\/2026\/04\/medusa_jaume_tenes_3-1-768x1109.jpg 768w\" sizes=\"(max-width: 900px) 100vw, 900px\" \/><\/a><\/figure><\/div>\n\n\n\n<div style=\"height:30px\" aria-hidden=\"true\" class=\"wp-block-spacer\"><\/div>\n\n\n\n<div class=\"wp-block-image\"><figure class=\"aligncenter size-full is-resized\"><a href=\"https:\/\/jaumetenes.com\/pintura\/wp-content\/uploads\/2025\/04\/medusa_ambient2.jpg\"><img loading=\"lazy\" src=\"https:\/\/jaumetenes.com\/pintura\/wp-content\/uploads\/2025\/04\/medusa_ambient2.jpg\" alt=\"Discover Jaume Tenes\u2019 pop reinterpretation of Medusa: a figurative acrylic painting blending mythology, emotion, and contemporary culture.\" class=\"wp-image-2595\" width=\"900\" height=\"1346\" srcset=\"https:\/\/jaumetenes.com\/pintura\/wp-content\/uploads\/2025\/04\/medusa_ambient2.jpg 1500w, https:\/\/jaumetenes.com\/pintura\/wp-content\/uploads\/2025\/04\/medusa_ambient2-251x375.jpg 251w, https:\/\/jaumetenes.com\/pintura\/wp-content\/uploads\/2025\/04\/medusa_ambient2-685x1024.jpg 685w, https:\/\/jaumetenes.com\/pintura\/wp-content\/uploads\/2025\/04\/medusa_ambient2-768x1148.jpg 768w, https:\/\/jaumetenes.com\/pintura\/wp-content\/uploads\/2025\/04\/medusa_ambient2-1027x1536.jpg 1027w, https:\/\/jaumetenes.com\/pintura\/wp-content\/uploads\/2025\/04\/medusa_ambient2-1370x2048.jpg 1370w\" sizes=\"(max-width: 900px) 100vw, 900px\" \/><\/a><\/figure><\/div>\n\n\n\n<div style=\"height:30px\" aria-hidden=\"true\" class=\"wp-block-spacer\"><\/div>\n\n\n\n<div style=\"height:30px\" aria-hidden=\"true\" class=\"wp-block-spacer\"><\/div>\n\n\n\n<div class=\"wp-block-columns\">\n<div class=\"wp-block-column\" style=\"flex-basis:25%\"><\/div>\n\n\n\n<div class=\"wp-block-column\" style=\"flex-basis:50%\">\n<p class=\"has-text-align-center has-black-color has-text-color\"><meta http-equiv=\"content-type\" content=\"text\/html; charset=utf-8\">3.000\u20ac <\/p>\n\n\n\n<p class=\"has-text-align-center has-text-color\" style=\"color:#aeaeae\">Acr\u00edlico sobre tela\/ <em>Acrylic on canva<\/em>s.<br>90x130cm. 2022<\/p>\n\n\n\n<div class=\"wp-container-1 wp-block-buttons\">\n<div class=\"wp-block-button has-custom-width wp-block-button__width-50 has-custom-font-size is-style-outline\" style=\"font-size:15px\"><a class=\"wp-block-button__link\" href=\"https:\/\/jaumetenes.com\/pintura\/acquire-this-artwork\/\" style=\"border-radius:0px\" target=\"_blank\" rel=\"noreferrer noopener\">Adquirir \/ Acquire<\/a><\/div>\n<\/div>\n\n\n\n<div style=\"height:20px\" aria-hidden=\"true\" class=\"wp-block-spacer\"><\/div>\n\n\n\n<p class=\"has-text-align-center has-black-color has-text-color\" style=\"font-size:15px;font-style:normal;font-weight:300\">Hacemos env\u00edos a todo el mundo\/<em><br>We ship worldwide<\/em><\/p>\n<\/div>\n\n\n\n<div class=\"wp-block-column is-vertically-aligned-center\" style=\"flex-basis:25%\"><\/div>\n<\/div>\n\n\n\n<div class=\"wp-block-image\"><figure class=\"aligncenter size-full is-resized\"><a href=\"https:\/\/jaumetenes.com\/pintura\/\"><img loading=\"lazy\" src=\"https:\/\/jaumetenes.com\/pintura\/wp-content\/uploads\/2022\/04\/arrow.png\" alt=\"\" class=\"wp-image-1223\" width=\"38\" height=\"30\"\/><\/a><\/figure><\/div>\n\n\n\n<p><\/p>\n","protected":false},"excerpt":{"rendered":"<p>Medusa 3.000\u20ac Acr\u00edlico sobre tela\/ Acrylic on canvas.90x130cm. 2022 Hacemos env\u00edos a todo el mundo\/We ship worldwide<\/p>\n","protected":false},"author":1,"featured_media":0,"parent":0,"menu_order":0,"comment_status":"closed","ping_status":"closed","template":"","meta":{"_seopress_robots_primary_cat":"","_seopress_titles_title":"Medusa - Jaume Tenes Art Gallery","_seopress_titles_desc":"Discover Jaume Tenes\u2019 pop reinterpretation of Medusa: a figurative acrylic painting blending mythology, emotion, and contemporary culture.","_seopress_robots_index":""},"_links":{"self":[{"href":"https:\/\/jaumetenes.com\/pintura\/wp-json\/wp\/v2\/pages\/840"}],"collection":[{"href":"https:\/\/jaumetenes.com\/pintura\/wp-json\/wp\/v2\/pages"}],"about":[{"href":"https:\/\/jaumetenes.com\/pintura\/wp-json\/wp\/v2\/types\/page"}],"author":[{"embeddable":true,"href":"https:\/\/jaumetenes.com\/pintura\/wp-json\/wp\/v2\/users\/1"}],"replies":[{"embeddable":true,"href":"https:\/\/jaumetenes.com\/pintura\/wp-json\/wp\/v2\/comments?post=840"}],"version-history":[{"count":53,"href":"https:\/\/jaumetenes.com\/pintura\/wp-json\/wp\/v2\/pages\/840\/revisions"}],"predecessor-version":[{"id":3804,"href":"https:\/\/jaumetenes.com\/pintura\/wp-json\/wp\/v2\/pages\/840\/revisions\/3804"}],"wp:attachment":[{"href":"https:\/\/jaumetenes.com\/pintura\/wp-json\/wp\/v2\/media?parent=840"}],"curies":[{"name":"wp","href":"https:\/\/api.w.org\/{rel}","templated":true}]}}